{"id":84,"date":"2025-12-10T11:38:28","date_gmt":"2025-12-10T10:38:28","guid":{"rendered":"https:\/\/c.endy1.formation-drome.com\/?page_id=84"},"modified":"2026-01-07T10:41:38","modified_gmt":"2026-01-07T09:41:38","slug":"domaine-du-haut-puiset","status":"publish","type":"page","link":"https:\/\/c.endy1.formation-drome.com\/?page_id=84","title":{"rendered":"ACCUEIL"},"content":{"rendered":"","protected":false},"excerpt":{"rendered":"","protected":false},"author":1,"featured_media":0,"parent":0,"menu_order":0,"comment_status":"closed","ping_status":"closed","template":"","meta":{"_uag_custom_page_level_css":"","site-sidebar-layout":"default","site-content-layout":"","ast-site-content-layout":"default","site-content-style":"default","site-sidebar-style":"default","ast-global-header-display":"","ast-banner-title-visibility":"","ast-main-header-display":"","ast-hfb-above-header-display":"","ast-hfb-below-header-display":"","ast-hfb-mobile-header-display":"","site-post-title":"","ast-breadcrumbs-content":"","ast-featured-img":"","footer-sml-layout":"","theme-transparent-header-meta":"","adv-header-id-meta":"","stick-header-meta":"","header-above-stick-meta":"","header-main-stick-meta":"","header-below-stick-meta":"","astra-migrate-meta-layouts":"default","ast-page-background-enabled":"default","ast-page-background-meta":{"desktop":{"background-color":"var(--ast-global-color-5)","background-image":"","background-repeat":"repeat","background-position":"center center","background-size":"auto","background-attachment":"scroll","background-type":"","background-media":"","overlay-type":"","overlay-color":"","overlay-opacity":"","overlay-gradient":""},"tablet":{"background-color":"","background-image":"","background-repeat":"repeat","background-position":"center center","background-size":"auto","background-attachment":"scroll","background-type":"","background-media":"","overlay-type":"","overlay-color":"","overlay-opacity":"","overlay-gradient":""},"mobile":{"background-color":"","background-image":"","background-repeat":"repeat","background-position":"center center","background-size":"auto","background-attachment":"scroll","background-type":"","background-media":"","overlay-type":"","overlay-color":"","overlay-opacity":"","overlay-gradient":""}},"ast-content-background-meta":{"desktop":{"background-color":"var(--ast-global-color-4)","background-image":"","background-repeat":"repeat","background-position":"center center","background-size":"auto","background-attachment":"scroll","background-type":"","background-media":"","overlay-type":"","overlay-color":"","overlay-opacity":"","overlay-gradient":""},"tablet":{"background-color":"var(--ast-global-color-4)","background-image":"","background-repeat":"repeat","background-position":"center center","background-size":"auto","background-attachment":"scroll","background-type":"","background-media":"","overlay-type":"","overlay-color":"","overlay-opacity":"","overlay-gradient":""},"mobile":{"background-color":"var(--ast-global-color-4)","background-image":"","background-repeat":"repeat","background-position":"center center","background-size":"auto","background-attachment":"scroll","background-type":"","background-media":"","overlay-type":"","overlay-color":"","overlay-opacity":"","overlay-gradient":""}},"footnotes":""},"class_list":["post-84","page","type-page","status-publish","hentry"],"yoast_head":"<!-- This site is optimized with the Yoast SEO plugin v26.8 - https:\/\/yoast.com\/product\/yoast-seo-wordpress\/ -->\n<title>Domaine du HAUT-PUISET<\/title>\n<meta name=\"description\" content=\"Domaine familial \u00e9laborant des vins blancs secs, moelleux, ros\u00e9s, rouges et cr\u00e9mants en culture raisonn\u00e9e au sein de l\u2019appellation Anjou. Situ\u00e9 au Mesnil-en-Vall\u00e9e et \u00e0 Ingrandes-le-Fresne-sur-Loire (49) entre Angers et Nantes.\" \/>\n<meta name=\"robots\" content=\"noindex, follow, max-snippet:-1, max-image-preview:large, max-video-preview:-1\" \/>\n<meta property=\"og:locale\" content=\"fr_FR\" \/>\n<meta property=\"og:type\" content=\"article\" \/>\n<meta property=\"og:title\" content=\"Domaine du HAUT-PUISET\" \/>\n<meta property=\"og:description\" content=\"Domaine familial \u00e9laborant des vins blancs secs, moelleux, ros\u00e9s, rouges et cr\u00e9mants en culture raisonn\u00e9e au sein de l\u2019appellation Anjou. Situ\u00e9 au Mesnil-en-Vall\u00e9e et \u00e0 Ingrandes-le-Fresne-sur-Loire (49) entre Angers et Nantes.\" \/>\n<meta property=\"og:url\" content=\"https:\/\/c.endy1.formation-drome.com\/?page_id=84\" \/>\n<meta property=\"article:modified_time\" content=\"2026-01-07T09:41:38+00:00\" \/>\n<meta name=\"twitter:card\" content=\"summary_large_image\" \/>\n<script type=\"application\/ld+json\" class=\"yoast-schema-graph\">{\"@context\":\"https:\/\/schema.org\",\"@graph\":[{\"@type\":\"WebPage\",\"@id\":\"https:\/\/c.endy1.formation-drome.com\/?page_id=84\",\"url\":\"https:\/\/c.endy1.formation-drome.com\/?page_id=84\",\"name\":\"Domaine du HAUT-PUISET\",\"isPartOf\":{\"@id\":\"https:\/\/c.endy1.formation-drome.com\/#website\"},\"datePublished\":\"2025-12-10T10:38:28+00:00\",\"dateModified\":\"2026-01-07T09:41:38+00:00\",\"description\":\"Domaine familial \u00e9laborant des vins blancs secs, moelleux, ros\u00e9s, rouges et cr\u00e9mants en culture raisonn\u00e9e au sein de l\u2019appellation Anjou. Situ\u00e9 au Mesnil-en-Vall\u00e9e et \u00e0 Ingrandes-le-Fresne-sur-Loire (49) entre Angers et Nantes.\",\"breadcrumb\":{\"@id\":\"https:\/\/c.endy1.formation-drome.com\/?page_id=84#breadcrumb\"},\"inLanguage\":\"fr-FR\",\"potentialAction\":[{\"@type\":\"ReadAction\",\"target\":[\"https:\/\/c.endy1.formation-drome.com\/?page_id=84\"]}]},{\"@type\":\"BreadcrumbList\",\"@id\":\"https:\/\/c.endy1.formation-drome.com\/?page_id=84#breadcrumb\",\"itemListElement\":[{\"@type\":\"ListItem\",\"position\":1,\"name\":\"Accueil\",\"item\":\"https:\/\/c.endy1.formation-drome.com\/\"},{\"@type\":\"ListItem\",\"position\":2,\"name\":\"ACCUEIL\"}]},{\"@type\":\"WebSite\",\"@id\":\"https:\/\/c.endy1.formation-drome.com\/#website\",\"url\":\"https:\/\/c.endy1.formation-drome.com\/\",\"name\":\"\",\"description\":\"\",\"potentialAction\":[{\"@type\":\"SearchAction\",\"target\":{\"@type\":\"EntryPoint\",\"urlTemplate\":\"https:\/\/c.endy1.formation-drome.com\/?s={search_term_string}\"},\"query-input\":{\"@type\":\"PropertyValueSpecification\",\"valueRequired\":true,\"valueName\":\"search_term_string\"}}],\"inLanguage\":\"fr-FR\"}]}<\/script>\n<!-- \/ Yoast SEO plugin. -->","yoast_head_json":{"title":"Domaine du HAUT-PUISET","description":"Domaine familial \u00e9laborant des vins blancs secs, moelleux, ros\u00e9s, rouges et cr\u00e9mants en culture raisonn\u00e9e au sein de l\u2019appellation Anjou. Situ\u00e9 au Mesnil-en-Vall\u00e9e et \u00e0 Ingrandes-le-Fresne-sur-Loire (49) entre Angers et Nantes.","robots":{"index":"noindex","follow":"follow","max-snippet":"max-snippet:-1","max-image-preview":"max-image-preview:large","max-video-preview":"max-video-preview:-1"},"og_locale":"fr_FR","og_type":"article","og_title":"Domaine du HAUT-PUISET","og_description":"Domaine familial \u00e9laborant des vins blancs secs, moelleux, ros\u00e9s, rouges et cr\u00e9mants en culture raisonn\u00e9e au sein de l\u2019appellation Anjou. Situ\u00e9 au Mesnil-en-Vall\u00e9e et \u00e0 Ingrandes-le-Fresne-sur-Loire (49) entre Angers et Nantes.","og_url":"https:\/\/c.endy1.formation-drome.com\/?page_id=84","article_modified_time":"2026-01-07T09:41:38+00:00","twitter_card":"summary_large_image","schema":{"@context":"https:\/\/schema.org","@graph":[{"@type":"WebPage","@id":"https:\/\/c.endy1.formation-drome.com\/?page_id=84","url":"https:\/\/c.endy1.formation-drome.com\/?page_id=84","name":"Domaine du HAUT-PUISET","isPartOf":{"@id":"https:\/\/c.endy1.formation-drome.com\/#website"},"datePublished":"2025-12-10T10:38:28+00:00","dateModified":"2026-01-07T09:41:38+00:00","description":"Domaine familial \u00e9laborant des vins blancs secs, moelleux, ros\u00e9s, rouges et cr\u00e9mants en culture raisonn\u00e9e au sein de l\u2019appellation Anjou. Situ\u00e9 au Mesnil-en-Vall\u00e9e et \u00e0 Ingrandes-le-Fresne-sur-Loire (49) entre Angers et Nantes.","breadcrumb":{"@id":"https:\/\/c.endy1.formation-drome.com\/?page_id=84#breadcrumb"},"inLanguage":"fr-FR","potentialAction":[{"@type":"ReadAction","target":["https:\/\/c.endy1.formation-drome.com\/?page_id=84"]}]},{"@type":"BreadcrumbList","@id":"https:\/\/c.endy1.formation-drome.com\/?page_id=84#breadcrumb","itemListElement":[{"@type":"ListItem","position":1,"name":"Accueil","item":"https:\/\/c.endy1.formation-drome.com\/"},{"@type":"ListItem","position":2,"name":"ACCUEIL"}]},{"@type":"WebSite","@id":"https:\/\/c.endy1.formation-drome.com\/#website","url":"https:\/\/c.endy1.formation-drome.com\/","name":"","description":"","potentialAction":[{"@type":"SearchAction","target":{"@type":"EntryPoint","urlTemplate":"https:\/\/c.endy1.formation-drome.com\/?s={search_term_string}"},"query-input":{"@type":"PropertyValueSpecification","valueRequired":true,"valueName":"search_term_string"}}],"inLanguage":"fr-FR"}]}},"uagb_featured_image_src":{"full":false,"thumbnail":false,"medium":false,"medium_large":false,"large":false,"1536x1536":false,"2048x2048":false},"uagb_author_info":{"display_name":"Endy26","author_link":"https:\/\/c.endy1.formation-drome.com\/?author=1"},"uagb_comment_info":0,"uagb_excerpt":null,"_links":{"self":[{"href":"https:\/\/c.endy1.formation-drome.com\/index.php?rest_route=\/wp\/v2\/pages\/84","targetHints":{"allow":["GET"]}}],"collection":[{"href":"https:\/\/c.endy1.formation-drome.com\/index.php?rest_route=\/wp\/v2\/pages"}],"about":[{"href":"https:\/\/c.endy1.formation-drome.com\/index.php?rest_route=\/wp\/v2\/types\/page"}],"author":[{"embeddable":true,"href":"https:\/\/c.endy1.formation-drome.com\/index.php?rest_route=\/wp\/v2\/users\/1"}],"replies":[{"embeddable":true,"href":"https:\/\/c.endy1.formation-drome.com\/index.php?rest_route=%2Fwp%2Fv2%2Fcomments&post=84"}],"version-history":[{"count":2,"href":"https:\/\/c.endy1.formation-drome.com\/index.php?rest_route=\/wp\/v2\/pages\/84\/revisions"}],"predecessor-version":[{"id":117,"href":"https:\/\/c.endy1.formation-drome.com\/index.php?rest_route=\/wp\/v2\/pages\/84\/revisions\/117"}],"wp:attachment":[{"href":"https:\/\/c.endy1.formation-drome.com\/index.php?rest_route=%2Fwp%2Fv2%2Fmedia&parent=84"}],"curies":[{"name":"wp","href":"https:\/\/api.w.org\/{rel}","templated":true}]}}